{"id":947,"date":"2014-05-10T16:56:09","date_gmt":"2014-05-10T16:56:09","guid":{"rendered":"http:\/\/maqla.es\/web\/?page_id=947"},"modified":"2014-05-29T16:53:14","modified_gmt":"2014-05-29T16:53:14","slug":"premios","status":"publish","type":"page","link":"https:\/\/maqla.es\/web\/premios\/?lang=en","title":{"rendered":"Prizes"},"content":{"rendered":"<p><strong>&#8211; Year\u00a02014:<\/strong> <strong>\u00a0<\/strong>ECO-LIFEWALLS fa\u00e7ade system, designed by MAQLA&#8217;s architect Emilio Llobat, with vegetal panels and ecologic tiles. Selectioned to be part of the exhibition \u00abFundamentals\u00bb, by OMA-Rem Koolhas, Alejandro Zaera-Polo and Princeton University. \u00a014 Venice Biennale Architecture International Exhibition, 2014. This Exhibition showcases 12 types of fa\u00e7ade which have been heavily influential to architecture over the past 100 years. \u00abEco-lifewalls\u00bb is one of them.<\/p>\n<p><strong>&#8211; Year\u00a02011:<\/strong>\u00a0work selectioned for Recent Architecture in Castellon 2000-2010&#8242;: House for Music and Dance. Architecture: Guillermo Font-Joana Maym\u00f3. Architect collaborator: Emilio Llobat. Technical Architects: Jose J. Dom\u00ednguez-Emilio Llobat. Engineer: Alfonso Llobat.<\/p>\n<p><strong>&#8211; Year\u00a02011:<\/strong>\u00a0work selectioned for Recent Architecture in Castellon 2000-2010:\u00a0New Azahar Group Headquarters in Castell\u00f3n (Spain). Architects: Carlos Ferrater-Nuria Ayala. Architect collaborators: Emilio Llobat-Teresa Ribeiro.<\/p>\n<p><strong>&#8211; Year\u00a02011: p<\/strong>re-finalist at XI Spanish Architecture&amp;Urbanism Bienal:\u00a0New Azahar Group Headquarters in Castell\u00f3n (Spain). Architects: Carlos Ferrater-Nuria Ayala. Architect collaborators: Emilio Llobat-Teresa Ribeiro.<\/p>\n<p><strong>&#8211; Year\u00a02010:<\/strong>\u00a0honorific Mention at Prizes from Official Architects College of Valencian Comunity (COACV) 2007-2008-2009:\u00a0New Azahar Group Headquarters in Castell\u00f3n (Spain). Architects: Carlos Ferrater-Nuria Ayala. Architect collaborators: Emilio Llobat-Teresa Ribeiro.<\/p>\n<p><strong>&#8211;<\/strong><strong>Year\u00a02010:<\/strong>\u00a0special Mention at ECOLA Award 2010 (EUROPEAN CONFERENCE OF LEADING ARCHITECTS):\u00a0New Azahar Group Headquarters in Castell\u00f3n (Spain). Architects: Carlos Ferrater-Nuria Ayala. Architect collaborators: Emilio Llobat-Teresa Ribeiro.<\/p>\n<p><strong>&#8211; Year\u00a02010:<\/strong>\u00a0the jury from VII Iberoamerican Architecture&amp;Urbanism Bienal chose the 35 best iberoamerican architecture works in last two years. New Azahar Group Headquarters in Castell\u00f3n (Spain). Architects: Carlos Ferrater-Nuria Ayala. Architect collaborators: Emilio Llobat-Teresa Ribeiro. Selectioned and exposed at VII Architecture&amp;Urbanism Bienal in Medell\u00edn (Colombia) from 11st to 17 th october.<\/p>\n<p><strong>&#8211; Year\u00a02007:\u00a0<\/strong>second prize at Castell\u00f3n Official Technical Architects College. Emilio Llobat-Jos\u00e9 J. Dom\u00ednguez-Gustavo Cifuentes (Interiors).<\/p>\n<p><strong>&#8211; Year\u00a02005:<\/strong>\u00a0first Prize at Logo Design for New Cemetery in Castell\u00f3n &#8211; Spain. Marta Cort\u00e9s-Emilio Llobat.<\/p>\n<p><strong>&#8211; Year\u00a02004:<\/strong>\u00a0first Prize at Project for New Azahar Group Headquarters in Castell\u00f3n (Spain). Architects: Carlos Ferrater-Nuria Ayala. Architect collaborators: Emilio Llobat-Teresa Ribeiro.<\/p>\n","protected":false},"excerpt":{"rendered":"<p>&#8211; Year\u00a02014: \u00a0ECO-LIFEWALLS fa\u00e7ade system, designed by MAQLA&#8217;s architect Emilio Llobat, with vegetal panels and ecologic tiles. Selectioned to be part of the exhibition \u00abFundamentals\u00bb, by OMA-Rem Koolhas, Alejandro Zaera-Polo and Princeton University. \u00a014 Venice Biennale Architecture International Exhibition, 2014. This Exhibition showcases 12 types of fa\u00e7ade which have been heavily influential to architecture over the past 100 years. \u00abEco-lifewalls\u00bb is one of them. &#8211; Year\u00a02011:\u00a0work selectioned for Recent Architecture in Castellon 2000-2010&#8242;: House for Music and Dance. Architecture: Guillermo Font-Joana Maym\u00f3. Architect collaborator: Emilio Llobat. Technical Architects: Jose J. Dom\u00ednguez-Emilio Llobat. Engineer: Alfonso Llobat. &#8211; Year\u00a02011:\u00a0work selectioned for Recent Architecture in Castellon 2000-2010:\u00a0New Azahar Group Headquarters in Castell\u00f3n (Spain). [&hellip;]<\/p>\n","protected":false},"author":4,"featured_media":0,"parent":0,"menu_order":0,"comment_status":"open","ping_status":"closed","template":"","meta":{"footnotes":""},"class_list":["post-947","page","type-page","status-publish","hentry"],"_links":{"self":[{"href":"https:\/\/maqla.es\/web\/wp-json\/wp\/v2\/pages\/947","targetHints":{"allow":["GET"]}}],"collection":[{"href":"https:\/\/maqla.es\/web\/wp-json\/wp\/v2\/pages"}],"about":[{"href":"https:\/\/maqla.es\/web\/wp-json\/wp\/v2\/types\/page"}],"author":[{"embeddable":true,"href":"https:\/\/maqla.es\/web\/wp-json\/wp\/v2\/users\/4"}],"replies":[{"embeddable":true,"href":"https:\/\/maqla.es\/web\/wp-json\/wp\/v2\/comments?post=947"}],"version-history":[{"count":7,"href":"https:\/\/maqla.es\/web\/wp-json\/wp\/v2\/pages\/947\/revisions"}],"predecessor-version":[{"id":1068,"href":"https:\/\/maqla.es\/web\/wp-json\/wp\/v2\/pages\/947\/revisions\/1068"}],"wp:attachment":[{"href":"https:\/\/maqla.es\/web\/wp-json\/wp\/v2\/media?parent=947"}],"curies":[{"name":"wp","href":"https:\/\/api.w.org\/{rel}","templated":true}]}}