{"id":943,"date":"2014-05-10T16:56:28","date_gmt":"2014-05-10T16:56:28","guid":{"rendered":"http:\/\/maqla.es\/web\/?page_id=943"},"modified":"2018-10-20T16:10:49","modified_gmt":"2018-10-20T16:10:49","slug":"exposiciones","status":"publish","type":"page","link":"https:\/\/maqla.es\/web\/exposiciones\/?lang=en","title":{"rendered":"Exhibitions"},"content":{"rendered":"<p><strong>\u00abEco-Lifewalls\u00bb\u00a0modular fa\u00e7ade system combines ecological tiles with vegetal wall panels.<\/strong><\/p>\n<p>&#8211; Exhibition\u00a0of fa\u00e7ade system \u201cEco-Lifewalls\u201d developed by MAQLA+AIR-GARDEN, combining vegetal wall with rigid plaques and only vegetal walls, at \u00abThe Sheldon Art Galleries\u00bb, 3648 Washington Boulevard, St. Louis (USA).\u00a0 October 5,2018-January 2019. The exhibition is titled \u00abInternational Vertical Gardens\u00bb and we share space with other recognized professionals and projects from Jean Nouvel, Patrick Blanc, Bitecture, Kengo Kuma, Stefano Boeri Architetti, Stanley Hart White and others.<\/p>\n<p>&#8211; Fa\u00e7ade system \u201cEco-Lifewalls\u201d developed by MAQLA+AIR-GARDEN, combining vegetal wall with rigid plaques at Asian Culture Complex (ACC) Permanent Architecture Collection, in Gwangju (South Korea).<\/p>\n<p>&#8211; 14 Venice Biennale Architecture International Exhibition with fa\u00e7ade system \u201cEco-Lifewalls\u201d, designed by MAQLA&#8217;s architect, Emilio Llobat. From 7th june to 23rd november, 2014 . This Exhibition showcases 12 types of fa\u00e7ade which have been heavily influential to architecture over the past 100 years. ECO-LIFEWALLS is one of them.<\/p>\n<p><strong>House of Music and Dance.<\/strong><\/p>\n<p>&#8211; Exhibition\u00a0ARq_CS \u00abRecent Architecture in Castell\u00f3n 2000-2010\u00bb. Architects College of Alicante. From 09th november, 2012.<\/p>\n<p>&#8211; Exhibition\u00a0ARq_CS \u00abRecent Architecture in Castell\u00f3n 2000-2010\u00bb. Architects College of Valencia. From 10th to 31st may, 2012.<\/p>\n<p>&#8211; Exhibition\u00a0ARq_CS \u00abRecent Architecture in Castell\u00f3n 2000-2010\u00bb. Architects College of Castell\u00f3n. From 16th december, 2011.<\/p>\n<p><strong>House B-V. Benic\u00e0ssim (Castell\u00f3n) by Maqla-adiu.<\/strong><\/p>\n<p>&#8211; Exhibition with panels from IX BEAU (spanish architecture and urbanism biennale) in Madrid (Spain). 10th October &#8211; 25th december 2011.<\/p>\n<p>&#8211; Exhibition\u00a0with panels from IX BEAU (spanish architecture and urbanism biennale) in Comillas, Cantabria(Spain). 21 july &#8211; 11 september 2011.<\/p>\n<p><strong>\u00abLifewall\u00bb\u00a0green wall, designed by Emilio Llobat.<\/strong><\/p>\n<p>&#8211; Exhibition\u00a0in \u00abAzul, the contemporary house\u00bb. Valencia (Spain). May-June 2010.<\/p>\n<p>&#8211; Exhibition\u00a0at Cevisama 2010, International trade show. Valencia (Spain) from 9th to 12nd february.<\/p>\n<p><strong>New Azahar Group Headquarters in Castell\u00f3n (Spain). Architecture: Carlos Ferrater-Nuria Ayala. Collaborators: Emilio Llobat-Teresa Ribeiro.<\/strong><\/p>\n<p>&#8211; Exhibition ARq_CS \u00abRecent Architecture in Castell\u00f3n 2000-2010\u00bb. Architects College of Alicante. From 09th november, 2012.<\/p>\n<p>&#8211; Exhibition\u00a0ARq_CS \u00abRecent Architecture in Castell\u00f3n 2000-2010\u00bb. Architects College of Valencia. From 10th to 31st may, 2012.<\/p>\n<p>&#8211; Exhibition\u00a0ARq_CS \u00abRecent Architecture in Castell\u00f3n 2000-2010\u00bb. Architects College of Castell\u00f3n. From 16th december, 2011.<\/p>\n<p>&#8211; VII Iberoamerican Bienal of Architecture and Urbanism (BIAU) in Medell\u00edn (Colombia), from 11st to 17th october, 2010.<\/p>\n<p>&#8211; Exhibition \u00abEl fondo te\u00f3rico de un proceder pr\u00e1ctico&#8230; Transcurrir de la geometr\u00eda al espacio mediante la construcci\u00f3n\u00bb. Madrid Architects College Foundation. From 9th october to 31st december 2008.<\/p>\n<p>&#8211; Exhibition \u00abEl fondo te\u00f3rico de un proceder pr\u00e1ctico&#8230; Transcurrir de la geometr\u00eda al espacio mediante la construcci\u00f3n\u00bb. Girona Architects College. From 29th april to 29th june, 2008.<\/p>\n<p>&#8211; Exhibition in Barcelona Technical Arquitects College, about coverings technology in New Azahar Group Headquarters. With Parex-Texsa. April, 2008.<\/p>\n<p>&#8211; Exhibition\u00a0\u00abEl fondo te\u00f3rico de un proceder pr\u00e1ctico&#8230; Transcurrir de la geometr\u00eda al espacio mediante la construcci\u00f3n\u00bb. Catalonia Architects College. From 17th january to 23rd february, 2008.<\/p>\n<p>&#8211; Exhibition\u00a0\u00abSynchronizing Geometry\u00bb at Hebrean University from Jerusalem (Israel). September, 2007.<\/p>\n<p>&#8211; Exhibition\u00a0\u00abSincronizar la Geometr\u00eda\u00bb at Bilbao Arts Museum. From 19th june to 15th july, 2006.<\/p>\n<p>&#8211; Exhibition\u00a0\u00abSychronizing Geometry\u00bb at Crown Hall Illinois Institute of Technology, Chicago (USA). Year 2006.<\/p>\n","protected":false},"excerpt":{"rendered":"<p>\u00abEco-Lifewalls\u00bb\u00a0modular fa\u00e7ade system combines ecological tiles with vegetal wall panels. &#8211; Exhibition\u00a0of fa\u00e7ade system \u201cEco-Lifewalls\u201d developed by MAQLA+AIR-GARDEN, combining vegetal wall with rigid plaques and only vegetal walls, at \u00abThe Sheldon Art Galleries\u00bb, 3648 Washington Boulevard, St. Louis (USA).\u00a0 October 5,2018-January 2019. The exhibition is titled \u00abInternational Vertical Gardens\u00bb and we share space with other recognized professionals and projects from Jean Nouvel, Patrick Blanc, Bitecture, Kengo Kuma, Stefano Boeri Architetti, Stanley Hart White and others. &#8211; Fa\u00e7ade system \u201cEco-Lifewalls\u201d developed by MAQLA+AIR-GARDEN, combining vegetal wall with rigid plaques at Asian Culture Complex (ACC) Permanent Architecture Collection, in Gwangju (South Korea). &#8211; 14 Venice Biennale Architecture International Exhibition with fa\u00e7ade system [&hellip;]<\/p>\n","protected":false},"author":4,"featured_media":0,"parent":0,"menu_order":0,"comment_status":"open","ping_status":"closed","template":"","meta":{"footnotes":""},"class_list":["post-943","page","type-page","status-publish","hentry"],"_links":{"self":[{"href":"https:\/\/maqla.es\/web\/wp-json\/wp\/v2\/pages\/943","targetHints":{"allow":["GET"]}}],"collection":[{"href":"https:\/\/maqla.es\/web\/wp-json\/wp\/v2\/pages"}],"about":[{"href":"https:\/\/maqla.es\/web\/wp-json\/wp\/v2\/types\/page"}],"author":[{"embeddable":true,"href":"https:\/\/maqla.es\/web\/wp-json\/wp\/v2\/users\/4"}],"replies":[{"embeddable":true,"href":"https:\/\/maqla.es\/web\/wp-json\/wp\/v2\/comments?post=943"}],"version-history":[{"count":14,"href":"https:\/\/maqla.es\/web\/wp-json\/wp\/v2\/pages\/943\/revisions"}],"predecessor-version":[{"id":8547,"href":"https:\/\/maqla.es\/web\/wp-json\/wp\/v2\/pages\/943\/revisions\/8547"}],"wp:attachment":[{"href":"https:\/\/maqla.es\/web\/wp-json\/wp\/v2\/media?parent=943"}],"curies":[{"name":"wp","href":"https:\/\/api.w.org\/{rel}","templated":true}]}}