{"id":80,"date":"2014-05-10T16:56:28","date_gmt":"2014-05-10T16:56:28","guid":{"rendered":"http:\/\/maqla.es\/web\/?page_id=80"},"modified":"2018-10-20T16:13:17","modified_gmt":"2018-10-20T16:13:17","slug":"exposiciones","status":"publish","type":"page","link":"https:\/\/maqla.es\/web\/exposiciones\/","title":{"rendered":"Exposiciones"},"content":{"rendered":"<p><strong>Sistema de fachada con paneles vegetales y cer\u00e1mica ecol\u00f3gica \u00abEco-Lifewalls\u00bb.<\/strong><\/p>\n<p>&#8211; Exposici\u00f3n del sistema de fachada \u201cEco-Lifewalls\u201d desarrollado por MAQLA+AIR-GARDEN de pared vegetal combinada con placas r\u00edgidas y paredes modulares s\u00f3lo vegetales, en \u00abThe Sheldon Art Galleries\u00bb, 3648 Washington Boulevard, St. Louis (USA). Del 5 de octubre de 2018 al 19 de enero de 2019.\u00a0 El tema de la exposici\u00f3n es \u00abInternational Vertical Gardens\u00bb y compartimos espacio de exhibici\u00f3n con otros proyectos y sistemas de reconocidos profesionales como Jean Nouvel, Patrick Blanc, Bitecture, Kengo Kuma, Stefano Boeri Architetti, Stanley Hart White y otros.<\/p>\n<p>&#8211; Selecci\u00f3n del sistema de fachada \u201cEco-Lifewalls\u201d desarrollado por MAQLA+AIR-GARDEN de pared vegetal combinada con placas r\u00edgidas, para formar parte de la Colecci\u00f3n Permanente del Complejo Cultural Asi\u00e1tico (ACC) en Gwangju (Corea del Sur).<\/p>\n<p>&#8211; 14 Bienal de Arquitectura de Venecia con el sistema de fachada \u201cEco-Lifewalls\u201d, dise\u00f1ada por el arquitecto de Maqla, Emilio Llobat. Desde el 7 de junio hasta el 23 de noviembre de 2014.\u00a04. La\u00a0Exhibici\u00f3n\u00a0acoge\u00a012 tipos de fachada que han influido de manera muy importante en la arquitectura de los \u00faltimos 100 a\u00f1os, siendo Eco-Lifewalls una de ellas.<\/p>\n<p><strong>Casa de la M\u00fasica y Danza.<\/strong><\/p>\n<p>&#8211; Exposici\u00f3n ARq_CS \u00abArquitectura Reciente en Castell\u00f3n 2000-2010\u00bb. Colegio de Arquitectos de Alicante. A partir del 09 de noviembre de 2012.<\/p>\n<p>&#8211; Exposici\u00f3n ARq_CS \u00abArquitectura Reciente en Castell\u00f3n 2000-2010\u00bb. Colegio de Arquitectos de Valencia. Del 10 al 31 de mayo de 2012.<\/p>\n<p>&#8211; Exposici\u00f3n ARq_CS \u00abArquitectura Reciente en Castell\u00f3n 2000-2010\u00bb. Colegio de Arquitectos de Castell\u00f3n. Desde el 16\/12\/2011.<\/p>\n<p><strong>Casa B-V. Benic\u00e0ssim (Castell\u00f3n) por Maqla-adiu.<\/strong><\/p>\n<p>&#8211; Exposici\u00f3n con paneles de la IX BEAU (Bienal espa\u00f1ola de Arquitectura y Urbanismo)en Madrid. 19 octubre &#8211; 25 diciembre de 2011. Sala Zuazo de La Arquer\u00eda de los Nuevos Ministerios (Paseo de la Castellana, 67). Madrid.<\/p>\n<p>&#8211; Exposici\u00f3n con paneles de la IX BEAU (Bienal espa\u00f1ola de Arquitectura y Urbanismo) en Comillas (Cantabria). 21 julio &#8211; 11 septiembre de 2011. Fundaci\u00f3n Comillas (Avenida de la Universidad Pontificia, s\/n, Comillas, Cantabria).<\/p>\n<p><strong>Panel vegetal \u00abLifewall\u00bb, dise\u00f1ado por \u00a0Maqla-adiu (Emilio Llobat).<\/strong><\/p>\n<p>&#8211; Exposici\u00f3n en \u00abAzul, la casa contemporanea\u00bb. Valencia. Mayo-Junio de 2010.<\/p>\n<p>&#8211; Exposici\u00f3n en Feria de Muestras de Valencia: Cevisama 2010, del 9 al 12 de febrero.<\/p>\n<p><strong>&#8211; Nueva Sede de Oficinas del Grupo Empresarial Azahar, en Castell\u00f3n. Arquitectura: OAB Carlos Ferrater-Nuria Ayala. Colaboradores: Emilio Llobat-Teresa Ribeiro.<\/strong><\/p>\n<p>&#8211; Exposici\u00f3n ARq_CS \u00abArquitectura Reciente en Castell\u00f3n 2000-2010\u00bb. Colegio de Arquitectos de Alicante. A partir del 09 de noviembre de 2012.<\/p>\n<p>&#8211; Exposici\u00f3n ARq_CS \u00abArquitectura Reciente en Castell\u00f3n 2000-2010\u00bb. Colegio de Arquitectos de Valencia. Del 10 al 31 de mayo de 2012.<\/p>\n<p>&#8211; Exposici\u00f3n ARq_CS \u00abArquitectura Reciente en Castell\u00f3n 2000-2010\u00bb. Colegio de Arquitectos de Castell\u00f3n. Desde el 16\/12\/2011.<br \/>\n&#8211; VII Bienal Iberoamericana de Arquitectura y Urbanismo (BIAU) en Medell\u00edn (Colombia,) del 11 al 17 de octubre de 2010.<\/p>\n<p>&#8211; Exposici\u00f3n \u00abEl fondo te\u00f3rico de un proceder pr\u00e1ctico&#8230; Transcurrir de la geometr\u00eda al espacio mediante la construcci\u00f3n\u00bb. En la Fundaci\u00f3n del Colegio de Arquitectos de Madrid. Desde el 09 de octubre al 31 de diciembre de 2008.<\/p>\n<p>&#8211; Exposici\u00f3n \u00abEl fondo te\u00f3rico de un proceder pr\u00e1ctico&#8230; Transcurrir de la geometr\u00eda al espacio mediante la construcci\u00f3n\u00bb. En el Colegio de Arquitectos de Girona. Desde el 29 de abril al 29 de junio de 2008.<\/p>\n<p>&#8211; Exposici\u00f3n en el Colegio de Aparejadores y Arquitectos T\u00e9cnicos de Barcelona, sobre la tecnolog\u00eda del revestimiento del edificio de nuevas Oficinas Azahar. Con Texsa Morteros. Abril de 2008.<\/p>\n<p>&#8211; Exposici\u00f3n \u00abEl fondo te\u00f3rico de un proceder pr\u00e1ctico&#8230; Transcurrir de la geometr\u00eda al espacio mediante la construcci\u00f3n\u00bb. En Colegio Oficial de Arquitectos de Catalu\u00f1a. Desde el 17 de enero al 23 de febrero de 2008.<\/p>\n<p>&#8211; Exposici\u00f3n \u00abSincronizar la Geometr\u00eda\u00bb en la Universidad Hebrea de Jerusal\u00e9n (Israel). Septiembre de 2007.<\/p>\n<p>&#8211; Exposici\u00f3n \u00abSincronizar la Geometr\u00eda\u00bb en el Museo de Bellas Artes de Bilbao. Desde el 19 de junio al 15 de julio de 2006.<\/p>\n<p>&#8211; Exposici\u00f3n \u00abSincronizar la Geometr\u00eda\u00bb en el Crown Hall Illinois Institute of Technology, Chicago (Estados Unidos). A\u00f1o 2006.<\/p>\n","protected":false},"excerpt":{"rendered":"<p>Sistema de fachada con paneles vegetales y cer\u00e1mica ecol\u00f3gica \u00abEco-Lifewalls\u00bb. &#8211; Exposici\u00f3n del sistema de fachada \u201cEco-Lifewalls\u201d desarrollado por MAQLA+AIR-GARDEN de pared vegetal combinada con placas r\u00edgidas y paredes modulares s\u00f3lo vegetales, en \u00abThe Sheldon Art Galleries\u00bb, 3648 Washington Boulevard, St. Louis (USA). Del 5 de octubre de 2018 al 19 de enero de 2019.\u00a0 El tema de la exposici\u00f3n es \u00abInternational Vertical Gardens\u00bb y compartimos espacio de exhibici\u00f3n con otros proyectos y sistemas de reconocidos profesionales como Jean Nouvel, Patrick Blanc, Bitecture, Kengo Kuma, Stefano Boeri Architetti, Stanley Hart White y otros. &#8211; Selecci\u00f3n del sistema de fachada \u201cEco-Lifewalls\u201d desarrollado por MAQLA+AIR-GARDEN de pared vegetal combinada con placas r\u00edgidas, [&hellip;]<\/p>\n","protected":false},"author":4,"featured_media":0,"parent":0,"menu_order":0,"comment_status":"open","ping_status":"closed","template":"","meta":{"footnotes":""},"class_list":["post-80","page","type-page","status-publish","hentry"],"_links":{"self":[{"href":"https:\/\/maqla.es\/web\/wp-json\/wp\/v2\/pages\/80","targetHints":{"allow":["GET"]}}],"collection":[{"href":"https:\/\/maqla.es\/web\/wp-json\/wp\/v2\/pages"}],"about":[{"href":"https:\/\/maqla.es\/web\/wp-json\/wp\/v2\/types\/page"}],"author":[{"embeddable":true,"href":"https:\/\/maqla.es\/web\/wp-json\/wp\/v2\/users\/4"}],"replies":[{"embeddable":true,"href":"https:\/\/maqla.es\/web\/wp-json\/wp\/v2\/comments?post=80"}],"version-history":[{"count":18,"href":"https:\/\/maqla.es\/web\/wp-json\/wp\/v2\/pages\/80\/revisions"}],"predecessor-version":[{"id":8551,"href":"https:\/\/maqla.es\/web\/wp-json\/wp\/v2\/pages\/80\/revisions\/8551"}],"wp:attachment":[{"href":"https:\/\/maqla.es\/web\/wp-json\/wp\/v2\/media?parent=80"}],"curies":[{"name":"wp","href":"https:\/\/api.w.org\/{rel}","templated":true}]}}