{"id":78,"date":"2014-05-10T16:56:09","date_gmt":"2014-05-10T16:56:09","guid":{"rendered":"http:\/\/maqla.es\/web\/?page_id=78"},"modified":"2014-05-29T16:49:11","modified_gmt":"2014-05-29T16:49:11","slug":"premios","status":"publish","type":"page","link":"https:\/\/maqla.es\/web\/premios\/","title":{"rendered":"Premios"},"content":{"rendered":"<p><strong>&#8211; A\u00f1o 2014:<\/strong> <strong>\u00a0<\/strong>selecci\u00f3n del sistema de fachada, con paneles vegetales y cer\u00e1mica ecol\u00f3gica \u00abECO-LIFEWALLS\u00bb por parte de Rem Koolhas, Alejandro Zaera-Polo y la Universidad de Princeton para formar parte de la exposici\u00f3n \u00abFundamentals\u00bb en la\u00a014 BIENAL DE ARQUITECTURA DE VENECIA\u00a02014. La Exhibici\u00f3n\u00a0acoge\u00a012 tipos de fachada que han influido de manera muy importante en la arquitectura de los \u00faltimos 100 a\u00f1os, siendo Eco-Lifewalls una de ellas. \u201cEco-Lifewalls\u201d es un sistema dise\u00f1ado por el arquitecto de Maqla, Emilio Llobat.<\/p>\n<p><strong>&#8211;\u00a0A\u00f1o 2011<\/strong>: obra seleccionada en ARq_CS Arquitectura Reciente en Castell\u00f3n 2000-2010: Casa de la M\u00fasica i Dansa. \u00a0Arquitectura: Guillermo Font-Joana Maym\u00f3. Arquitecto colaborador: Emilio Llobat. Arquitectos T\u00e9cnicos: Jose J. Dom\u00ednguez-Emilio Llobat. Ingeniero: Alfonso Llobat.<\/p>\n<p><strong>&#8211;\u00a0A\u00f1o 2011:<\/strong>\u00a0obra seleccionada en ARq_CS Arquitectura Reciente en Castell\u00f3n 2000-2010: Nueva Sede del Grupo de Empresas Azahar. Arquitectura: OAB Carlos Ferrater-Nuria Ayala, colaboradores: Emilio Llobat-Teresa Ribeiro.<\/p>\n<p><strong>&#8211;\u00a0A\u00f1o 2011:<\/strong>\u00a0obra pre-finalista en la XI Bienal Espa\u00f1ola de Arquitetura y Urbanismo por la Nueva Sede del Grupo de Empresas Azahar, en Castell\u00f3n (Arquitectura: OAB Carlos Ferrater-Nuria Ayala. Colaboradores: Emilio Llobat-Teresa Ribeiro).<\/p>\n<p><strong>&#8211; A\u00f1o 2010:<\/strong>\u00a0menci\u00f3n honorifica en los Premios del Colegio de Arquitectos de la Comunidad Valenciana (COACV) 2007-2008-2009 por la Nueva Sede del Grupo de Empresas Azahar, en Castell\u00f3n (Arquitectura: OAB Carlos Ferrater-Nuria Ayala. Colaboradores: Emilio Llobat-Teresa Ribeiro).<\/p>\n<p><strong>&#8211; A\u00f1o 2010<\/strong>: menci\u00f3n especial del Premio ECOLA Award 2010 (EUROPEAN CONFERENCE OF LEADING ARCHITECTS) por la Nueva Sede del Grupo de Empresas Azahar, en Castell\u00f3n (Arquitectura: OAB Carlos Ferrater-Nuria Ayala. Colaboradores: Emilio Llobat-Teresa Ribeiro).<\/p>\n<p><strong>&#8211; A\u00f1o 2010:<\/strong>\u00a0el jurado de la VII Bienal Iberoamericana de Arquitectura y Urbanismo (BIAU) ha elegido las mejoras obras realizadas en Iberoam\u00e9rica en los dos \u00faltimos a\u00f1os. Entre los 35 proyectos seleccionados y premiados est\u00e1 la Nueva Sede del Grupo de Empresas Azahar, en Castell\u00f3n (Arquitectura: OAB Carlos Ferrater-Nuria Ayala. Colaboradores: Emilio Llobat-Teresa Ribeiro). Las 35 obras escogidas participar\u00e1n en la exposici\u00f3n de la VII Bienal de Arquitectura Iberoamericana en Medell\u00edn (Colombia) del 11 al 17 de octubre.<\/p>\n<p><strong>&#8211; A\u00f1o 2007:<\/strong>\u00a0segundo Premio del Concurso para Ampliaci\u00f3n del Colegio oficial de Aparejadores y Arquitectos T\u00e9cnicos de Castell\u00f3n. Emilio Llobat-Jos\u00e9 J. Dom\u00ednguez-Gustavo Cifuentes (Dise\u00f1o de interiores).<\/p>\n<p><strong>&#8211; A\u00f1o 2005:<\/strong>\u00a0primer Premio Concurso de logotipos para el Nuevo Cementerio de Castell\u00f3n. Con Marta Cort\u00e9s Villalba (Ingeniera en Dise\u00f1o Industrial).<\/p>\n<p><strong>&#8211; A\u00f1o 2004:<\/strong>\u00a0primer Premio del Concurso para Proyecto de la Nueva Sede del Grupo de Empresas Azahar en Castell\u00f3n (Arquitectura: OAB Carlos Ferrater-Nuria Ayala. Colaboradores: Emilio Llobat-Teresa Ribeiro).<\/p>\n<p>&nbsp;<\/p>\n","protected":false},"excerpt":{"rendered":"<p>&#8211; A\u00f1o 2014: \u00a0selecci\u00f3n del sistema de fachada, con paneles vegetales y cer\u00e1mica ecol\u00f3gica \u00abECO-LIFEWALLS\u00bb por parte de Rem Koolhas, Alejandro Zaera-Polo y la Universidad de Princeton para formar parte de la exposici\u00f3n \u00abFundamentals\u00bb en la\u00a014 BIENAL DE ARQUITECTURA DE VENECIA\u00a02014. La Exhibici\u00f3n\u00a0acoge\u00a012 tipos de fachada que han influido de manera muy importante en la arquitectura de los \u00faltimos 100 a\u00f1os, siendo Eco-Lifewalls una de ellas. \u201cEco-Lifewalls\u201d es un sistema dise\u00f1ado por el arquitecto de Maqla, Emilio Llobat. &#8211;\u00a0A\u00f1o 2011: obra seleccionada en ARq_CS Arquitectura Reciente en Castell\u00f3n 2000-2010: Casa de la M\u00fasica i Dansa. \u00a0Arquitectura: Guillermo Font-Joana Maym\u00f3. Arquitecto colaborador: Emilio Llobat. Arquitectos T\u00e9cnicos: Jose J. Dom\u00ednguez-Emilio Llobat. Ingeniero: [&hellip;]<\/p>\n","protected":false},"author":4,"featured_media":0,"parent":0,"menu_order":0,"comment_status":"open","ping_status":"closed","template":"","meta":{"footnotes":""},"class_list":["post-78","page","type-page","status-publish","hentry"],"_links":{"self":[{"href":"https:\/\/maqla.es\/web\/wp-json\/wp\/v2\/pages\/78","targetHints":{"allow":["GET"]}}],"collection":[{"href":"https:\/\/maqla.es\/web\/wp-json\/wp\/v2\/pages"}],"about":[{"href":"https:\/\/maqla.es\/web\/wp-json\/wp\/v2\/types\/page"}],"author":[{"embeddable":true,"href":"https:\/\/maqla.es\/web\/wp-json\/wp\/v2\/users\/4"}],"replies":[{"embeddable":true,"href":"https:\/\/maqla.es\/web\/wp-json\/wp\/v2\/comments?post=78"}],"version-history":[{"count":16,"href":"https:\/\/maqla.es\/web\/wp-json\/wp\/v2\/pages\/78\/revisions"}],"predecessor-version":[{"id":1066,"href":"https:\/\/maqla.es\/web\/wp-json\/wp\/v2\/pages\/78\/revisions\/1066"}],"wp:attachment":[{"href":"https:\/\/maqla.es\/web\/wp-json\/wp\/v2\/media?parent=78"}],"curies":[{"name":"wp","href":"https:\/\/api.w.org\/{rel}","templated":true}]}}