{"id":626,"date":"2014-05-23T06:35:18","date_gmt":"2014-05-23T06:35:18","guid":{"rendered":"http:\/\/maqla.es\/web\/?page_id=626"},"modified":"2026-01-05T01:36:57","modified_gmt":"2026-01-05T00:36:57","slug":"equipo-pruebas","status":"publish","type":"page","link":"https:\/\/maqla.es\/web\/equipo-pruebas\/","title":{"rendered":"Equipo"},"content":{"rendered":"\n\t<ul class='toggle'>\n\t\t<br \/>\n\n<li>\n    <a href='#'>JOSE J. DOM\u00cdNGUEZ TALAMANTES<i class='fa fa-plus'><\/i><\/a>\n    <div class='section_content'>\n\t    <p><\/p>\n<table>\n<tbody>\n<tr>\n<td><a href=\"https:\/\/maqla.es\/web\/wp-content\/uploads\/2022\/09\/LCYNE4000.jpg\"><img loading=\"lazy\" decoding=\"async\" class=\"alignnone wp-image-10170 size-medium\" src=\"https:\/\/maqla.es\/web\/wp-content\/uploads\/2022\/09\/LCYNE4000-262x300.jpg\" alt=\"\" width=\"262\" height=\"300\" srcset=\"https:\/\/maqla.es\/web\/wp-content\/uploads\/2022\/09\/LCYNE4000-262x300.jpg 262w, https:\/\/maqla.es\/web\/wp-content\/uploads\/2022\/09\/LCYNE4000-226x258.jpg 226w, https:\/\/maqla.es\/web\/wp-content\/uploads\/2022\/09\/LCYNE4000.jpg 677w\" sizes=\"auto, (max-width: 262px) 100vw, 262px\" \/><\/a><\/td>\n<td>&#8211; ARQUITECTO T\u00c9CNICO.<br \/>\n&#8211; INGENIERO DE LA EDIFICACI\u00d3N.Tel\u00e9fono: 677 489 299<a href='https:\/\/maqla.es\/web\/wp-content\/curriculums\/CV_JOSE_DOMINGUEZ.pdf' class='white '>Ver Curriculum<\/a><\/td>\n<\/tr>\n<\/tbody>\n<\/table>\n<p><\/p>\n    <\/div>\n<\/li>\n<\/p>\n<p>\n<li>\n    <a href='#'>SILVIA ESTIB\u00c1LEZ LL\u00c1CER<i class='fa fa-plus'><\/i><\/a>\n    <div class='section_content'>\n\t    <p><\/p>\n<table>\n<tbody>\n<tr>\n<td><a href=\"https:\/\/maqla.es\/web\/wp-content\/uploads\/2022\/08\/2022-Silvia-02.jpg\"><img loading=\"lazy\" decoding=\"async\" class=\"alignnone wp-image-10166 size-medium\" src=\"https:\/\/maqla.es\/web\/wp-content\/uploads\/2022\/08\/2022-Silvia-02-219x300.jpg\" alt=\"\" width=\"219\" height=\"300\" srcset=\"https:\/\/maqla.es\/web\/wp-content\/uploads\/2022\/08\/2022-Silvia-02-219x300.jpg 219w, https:\/\/maqla.es\/web\/wp-content\/uploads\/2022\/08\/2022-Silvia-02-188x258.jpg 188w, https:\/\/maqla.es\/web\/wp-content\/uploads\/2022\/08\/2022-Silvia-02.jpg 440w\" sizes=\"auto, (max-width: 219px) 100vw, 219px\" \/><\/a><\/td>\n<td>&#8211; ARQUITECTA.Tel\u00e9fono: 664 257 753<\/td>\n<\/tr>\n<\/tbody>\n<\/table>\n<p><\/p>\n    <\/div>\n<\/li>\n<\/p>\n<p>\n<li>\n    <a href='#'>CARLOS FONT CUBEDO<i class='fa fa-plus'><\/i><\/a>\n    <div class='section_content'>\n\t    <p><\/p>\n<table>\n<tbody>\n<tr>\n<td><a href=\"https:\/\/maqla.es\/web\/wp-content\/uploads\/2020\/06\/CARLOS-FONT.jpeg\"><img loading=\"lazy\" decoding=\"async\" class=\"alignnone wp-image-8874 \" src=\"https:\/\/maqla.es\/web\/wp-content\/uploads\/2020\/06\/CARLOS-FONT-201x300.jpeg\" alt=\"\" width=\"114\" height=\"170\" srcset=\"https:\/\/maqla.es\/web\/wp-content\/uploads\/2020\/06\/CARLOS-FONT-201x300.jpeg 201w, https:\/\/maqla.es\/web\/wp-content\/uploads\/2020\/06\/CARLOS-FONT-687x1024.jpeg 687w, https:\/\/maqla.es\/web\/wp-content\/uploads\/2020\/06\/CARLOS-FONT-768x1144.jpeg 768w, https:\/\/maqla.es\/web\/wp-content\/uploads\/2020\/06\/CARLOS-FONT-1031x1536.jpeg 1031w, https:\/\/maqla.es\/web\/wp-content\/uploads\/2020\/06\/CARLOS-FONT-173x258.jpeg 173w, https:\/\/maqla.es\/web\/wp-content\/uploads\/2020\/06\/CARLOS-FONT.jpeg 1118w\" sizes=\"auto, (max-width: 114px) 100vw, 114px\" \/><\/a><\/td>\n<td>&#8211; ARQUITECTO T\u00c9CNICO.<br \/>\n&#8211; INGENIERO DE LA EDIFICACI\u00d3N.Tel\u00e9fono: 620 450 164<\/td>\n<\/tr>\n<\/tbody>\n<\/table>\n<p><\/p>\n    <\/div>\n<\/li>\n<\/p>\n<p>\n<li>\n    <a href='#'>ENRIQUE FORCADA FERN\u00c1NDEZ<i class='fa fa-plus'><\/i><\/a>\n    <div class='section_content'>\n\t    <p><\/p>\n<table>\n<tbody>\n<tr>\n<td><a href=\"https:\/\/maqla.es\/web\/wp-content\/uploads\/2020\/05\/foto-web.jpg\"><img loading=\"lazy\" decoding=\"async\" class=\"alignnone  wp-image-8853\" src=\"https:\/\/maqla.es\/web\/wp-content\/uploads\/2020\/05\/foto-web-223x300.jpg\" alt=\"\" width=\"107\" height=\"144\" srcset=\"https:\/\/maqla.es\/web\/wp-content\/uploads\/2020\/05\/foto-web-223x300.jpg 223w, https:\/\/maqla.es\/web\/wp-content\/uploads\/2020\/05\/foto-web-761x1024.jpg 761w, https:\/\/maqla.es\/web\/wp-content\/uploads\/2020\/05\/foto-web-768x1033.jpg 768w, https:\/\/maqla.es\/web\/wp-content\/uploads\/2020\/05\/foto-web-192x258.jpg 192w, https:\/\/maqla.es\/web\/wp-content\/uploads\/2020\/05\/foto-web.jpg 800w\" sizes=\"auto, (max-width: 107px) 100vw, 107px\" \/><\/a><\/td>\n<td>&#8211; INGENIERO T\u00c9CNICO INDUSTRIAL.Tel\u00e9fono: 645 253 845<\/td>\n<\/tr>\n<\/tbody>\n<\/table>\n<p><\/p>\n    <\/div>\n<\/li>\n<\/p>\n<p>\n<li>\n    <a href='#'>ALFONSO LLOBAT GUARINO<i class='fa fa-plus'><\/i><\/a>\n    <div class='section_content'>\n\t    <p><\/p>\n<table>\n<tbody>\n<tr>\n<td><a href=\"https:\/\/maqla.es\/web\/wp-content\/uploads\/2022\/08\/20212-Alfonso.jpg\"><img loading=\"lazy\" decoding=\"async\" class=\"alignnone wp-image-10162 size-medium\" src=\"https:\/\/maqla.es\/web\/wp-content\/uploads\/2022\/08\/20212-Alfonso-192x300.jpg\" alt=\"\" width=\"192\" height=\"300\" srcset=\"https:\/\/maqla.es\/web\/wp-content\/uploads\/2022\/08\/20212-Alfonso-192x300.jpg 192w, https:\/\/maqla.es\/web\/wp-content\/uploads\/2022\/08\/20212-Alfonso-166x258.jpg 166w, https:\/\/maqla.es\/web\/wp-content\/uploads\/2022\/08\/20212-Alfonso.jpg 365w\" sizes=\"auto, (max-width: 192px) 100vw, 192px\" \/><\/a><\/td>\n<td>&#8211; INGENIERO T\u00c9CNICO INDUSTRIAL.Tel\u00e9fono: 615 257 756<\/td>\n<\/tr>\n<\/tbody>\n<\/table>\n<p><\/p>\n    <\/div>\n<\/li>\n<\/p>\n<p>\n<li>\n    <a href='#'>BASILIO L\u00d3PEZ ZAF\u00d3N<i class='fa fa-plus'><\/i><\/a>\n    <div class='section_content'>\n\t    <p><\/p>\n<table>\n<tbody>\n<tr>\n<td><a href=\"https:\/\/maqla.es\/web\/wp-content\/uploads\/2014\/05\/BASILIO-LOPEZ.jpg\"><img loading=\"lazy\" decoding=\"async\" class=\"alignnone wp-image-837 \" src=\"https:\/\/maqla.es\/web\/wp-content\/uploads\/2014\/05\/BASILIO-LOPEZ-221x300.jpg\" alt=\"\" width=\"104\" height=\"141\" srcset=\"https:\/\/maqla.es\/web\/wp-content\/uploads\/2014\/05\/BASILIO-LOPEZ-221x300.jpg 221w, https:\/\/maqla.es\/web\/wp-content\/uploads\/2014\/05\/BASILIO-LOPEZ-190x258.jpg 190w, https:\/\/maqla.es\/web\/wp-content\/uploads\/2014\/05\/BASILIO-LOPEZ.jpg 239w\" sizes=\"auto, (max-width: 104px) 100vw, 104px\" \/><\/a><\/td>\n<td>&#8211; DELINEANTE PROYECTISTA.Tel\u00e9fono: 678 787 989<\/td>\n<\/tr>\n<\/tbody>\n<\/table>\n<p><\/p>\n    <\/div>\n<\/li>\n<\/p>\n<p>\n<li>\n    <a href='#'>EMILIO LLOBAT GUARINO<i class='fa fa-plus'><\/i><\/a>\n    <div class='section_content'>\n\t    <p><\/p>\n<table>\n<tbody>\n<tr>\n<td><a href=\"https:\/\/maqla.es\/web\/wp-content\/uploads\/2024\/05\/IMG_E9475_1585x1189.jpg\"><img loading=\"lazy\" decoding=\"async\" class=\"alignnone wp-image-11667 size-medium\" src=\"https:\/\/maqla.es\/web\/wp-content\/uploads\/2024\/05\/IMG_E9475_1585x1189-300x225.jpg\" alt=\"\" width=\"300\" height=\"225\" srcset=\"https:\/\/maqla.es\/web\/wp-content\/uploads\/2024\/05\/IMG_E9475_1585x1189-300x225.jpg 300w, https:\/\/maqla.es\/web\/wp-content\/uploads\/2024\/05\/IMG_E9475_1585x1189-1024x768.jpg 1024w, https:\/\/maqla.es\/web\/wp-content\/uploads\/2024\/05\/IMG_E9475_1585x1189-768x576.jpg 768w, https:\/\/maqla.es\/web\/wp-content\/uploads\/2024\/05\/IMG_E9475_1585x1189-1536x1152.jpg 1536w, https:\/\/maqla.es\/web\/wp-content\/uploads\/2024\/05\/IMG_E9475_1585x1189-370x278.jpg 370w, https:\/\/maqla.es\/web\/wp-content\/uploads\/2024\/05\/IMG_E9475_1585x1189-344x258.jpg 344w, https:\/\/maqla.es\/web\/wp-content\/uploads\/2024\/05\/IMG_E9475_1585x1189.jpg 1585w\" sizes=\"auto, (max-width: 300px) 100vw, 300px\" \/><\/a><\/td>\n<td>&#8211; ARQUITECTO.<br \/>\n&#8211; ARQUITECTO T\u00c9CNICO.<br \/>\n&#8211; INGENIERO DE LA EDIFICACI\u00d3N.Tel\u00e9fono: 670 328 262<a href='https:\/\/maqla.es\/web\/wp-content\/curriculums\/CV_EMILIO_LLOBAT.pdf' class='white '>Ver Curriculum<\/a><\/td>\n<\/tr>\n<\/tbody>\n<\/table>\n<p><\/p>\n    <\/div>\n<\/li>\n<\/p>\n<p>\n<li>\n    <a href='#'>MAQLA-adiu VALENCIA<i class='fa fa-plus'><\/i><\/a>\n    <div class='section_content'>\n\t    <p><\/p>\n<table style=\"height: 94px;\" width=\"840\">\n<tbody>\n<tr>\n<td>DAVID VILA GARC\u00cdA\u00a0\u00a0 (Arquitecto t\u00e9cnico; Ingeniero de la Edificaci\u00f3n)<\/td>\n<td style=\"text-align: center;\" width=\"200px\">Tel\u00e9fono:\u00a0 659149649<\/td>\n<td><a href='https:\/\/maqla.es\/web\/wp-content\/curriculums\/CV_DAVID_VILA.pdf' class='white '>Ver Curriculum<\/a><\/td>\n<\/tr>\n<\/tbody>\n<\/table>\n<p><\/p>\n    <\/div>\n<\/li>\n<\/p>\n<p>\n<li>\n    <a href='#'>MAQLA-adiu ALICANTE<i class='fa fa-plus'><\/i><\/a>\n    <div class='section_content'>\n\t    <p><\/p>\n<table>\n<tbody>\n<tr>\n<td>DAVID SALDA\u00d1A ACLE\u00a0\u00a0 (Arquitecto; Arquitecto T\u00e9cnico; Ingeniero de la Edificaci\u00f3n)<\/td>\n<td style=\"text-align: center;\" width=\"200px\">Tel\u00e9fono:\u00a0661660286<\/td>\n<td><\/td>\n<\/tr>\n<\/tbody>\n<\/table>\n<p><\/p>\n    <\/div>\n<\/li>\n<\/p>\n<p>\n<li>\n    <a href='#'>MAQLA-adiu BARCELONA<i class='fa fa-plus'><\/i><\/a>\n    <div class='section_content'>\n\t    <p><\/p>\n<table>\n<tbody>\n<tr>\n<td>SERGI PLAZA OBIOL (Arquitecto; Arquitecto T\u00e9cnico)<\/td>\n<td style=\"text-align: center;\" width=\"200px\">Tel\u00e9fono:\u00a0670540513<\/td>\n<td><\/td>\n<\/tr>\n<\/tbody>\n<\/table>\n<p><\/p>\n    <\/div>\n<\/li>\n<\/p>\n<p>\n<li>\n    <a href='#'>COLABORADORES<i class='fa fa-plus'><\/i><\/a>\n    <div class='section_content'>\n\t    <p><\/p>\n<table>\n<tbody>\n<tr>\n<td>G INTERIORISMO (Dise\u00f1o de interiores)<\/td>\n<\/tr>\n<\/tbody>\n<\/table>\n<table>\n<tbody>\n<tr>\n<td>PEPE LACRUZ (Arquitecto)<\/td>\n<\/tr>\n<\/tbody>\n<\/table>\n<table>\n<tbody>\n<tr>\n<td>MARTA CORT\u00c9S (Ingeniera T\u00e9cnica en Dise\u00f1o Industrial)<\/td>\n<\/tr>\n<\/tbody>\n<\/table>\n<table>\n<tbody>\n<tr>\n<td>PABLO SISTERO (Arquitecto t\u00e9cnico)<\/td>\n<\/tr>\n<\/tbody>\n<\/table>\n<p><span style=\"font-size: revert; color: initial;\"><\/p>\n    <\/div>\n<\/li>\n<\/span><\/p>\n<p>\n\t<\/ul>\n\n","protected":false},"excerpt":{"rendered":"","protected":false},"author":4,"featured_media":0,"parent":0,"menu_order":0,"comment_status":"open","ping_status":"closed","template":"","meta":{"footnotes":""},"class_list":["post-626","page","type-page","status-publish","hentry"],"_links":{"self":[{"href":"https:\/\/maqla.es\/web\/wp-json\/wp\/v2\/pages\/626","targetHints":{"allow":["GET"]}}],"collection":[{"href":"https:\/\/maqla.es\/web\/wp-json\/wp\/v2\/pages"}],"about":[{"href":"https:\/\/maqla.es\/web\/wp-json\/wp\/v2\/types\/page"}],"author":[{"embeddable":true,"href":"https:\/\/maqla.es\/web\/wp-json\/wp\/v2\/users\/4"}],"replies":[{"embeddable":true,"href":"https:\/\/maqla.es\/web\/wp-json\/wp\/v2\/comments?post=626"}],"version-history":[{"count":103,"href":"https:\/\/maqla.es\/web\/wp-json\/wp\/v2\/pages\/626\/revisions"}],"predecessor-version":[{"id":12247,"href":"https:\/\/maqla.es\/web\/wp-json\/wp\/v2\/pages\/626\/revisions\/12247"}],"wp:attachment":[{"href":"https:\/\/maqla.es\/web\/wp-json\/wp\/v2\/media?parent=626"}],"curies":[{"name":"wp","href":"https:\/\/api.w.org\/{rel}","templated":true}]}}