{"id":144,"date":"2014-05-15T18:19:48","date_gmt":"2014-05-15T18:19:48","guid":{"rendered":"http:\/\/maqla.es\/web\/?page_id=144"},"modified":"2018-10-20T16:25:25","modified_gmt":"2018-10-20T16:25:25","slug":"eco-lifewalls","status":"publish","type":"page","link":"https:\/\/maqla.es\/web\/eco-lifewalls\/","title":{"rendered":"Eco-Lifewalls"},"content":{"rendered":"<p style=\"text-align: justify;\">MAQLA &#8211; adiu es una firma multidisciplinar que trabaja en todos los \u00e1mbitos de la arquitectura, dise\u00f1o, ingenier\u00eda y urbanismo. Tenemos una amplia experiencia en arquitectura sostenible, construcci\u00f3n de bajo coste, viviendas unifamiliares y plurifamiliares, edificios p\u00fablicos y proyectos de restauraci\u00f3n. En 2009, el arquitecto de Maqla, Emilio Llobat, dise\u00f1\u00f3 un sistema modular que combina las baldosas fotocatal\u00edticas con paneles vegetales. Dado que es un sistema modular permite mucha versatilidad en la situaci\u00f3n y combinaci\u00f3n de placas y paneles, pudiendo variar incluso en el tiempo al ser la base portante v\u00e1lida. Este sistema se puede implementar en nuevos edificios o en proyectos de rehabilitaci\u00f3n. Estos jardines verticales con piezas de cer\u00e1mica fotocatal\u00edticas trabajan para purificar el aire, reduciendo las sustancias org\u00e1nicas e inorg\u00e1nicas (tales como el mon\u00f3xido de carbono y \u00f3xidos de nitr\u00f3geno &#8211; azufre) que son perjudiciales para la salud humana y para el medio ambiente. Adem\u00e1s, la fotos\u00edntesis de las plantas crea oxigeno de vital importancia. Las plantas se mantienen autom\u00e1ticamente a trav\u00e9s de un sistema de riego por goteo, con la consiguiente optimizaci\u00f3n y ahorro del agua que, sirve a su vez, para incluir los fertilizantes necesarios. El proceso de fotocatal\u00edsis en los azulejos genera una peque\u00f1a cantidad de nitratos, que tambi\u00e9n se utilizan como fertilizantes. El resultado es una simbiosis de condiciones est\u00e9ticas, clim\u00e1ticas y sostenibles que colaboran en la protecci\u00f3n del medio ambiente y permiten generar una arquitectura creativa. Asimismo, el sistema permite la incorporaci\u00f3n de cualquier material de placa, bien sea cer\u00e1mica, p\u00e9trea, madera,&#8230;.y su utilizaci\u00f3n conjunta con los m\u00f3dulos vegetales como fachada ventilada, permitiendo la incorporaci\u00f3n de aislamientos en la c\u00e1mara que se forma. Si est\u00e1n interesados en m\u00e1s informaci\u00f3n, pueden enviarnos un e-mail a eco-lifewalls@maqla.com. Podemos dise\u00f1ar fachadas, suministrarlas (m\u00f3dulos vegetales y\/o cer\u00e1micos) y colaborar en su\/s propio\/s \u00a0proyecto\/s.<\/p>\n<p><a href=\"https:\/\/maqla.es\/web\/wp-content\/uploads\/2014\/06\/03-e1402244842645.jpg\"><img loading=\"lazy\" decoding=\"async\" class=\"alignnone size-medium wp-image-1318\" src=\"https:\/\/maqla.es\/web\/wp-content\/uploads\/2014\/06\/03-300x198.jpg\" alt=\"03\" width=\"300\" height=\"198\" \/><\/a><a href=\"https:\/\/maqla.es\/web\/wp-content\/uploads\/2014\/06\/04-e1402244872600.jpg\"><img loading=\"lazy\" decoding=\"async\" class=\"alignnone size-medium wp-image-1320\" src=\"https:\/\/maqla.es\/web\/wp-content\/uploads\/2014\/06\/04-300x198.jpg\" alt=\"04\" width=\"300\" height=\"198\" \/><\/a><a href=\"https:\/\/maqla.es\/web\/wp-content\/uploads\/2014\/06\/13-e1402245319434.jpg\"><img loading=\"lazy\" decoding=\"async\" class=\"alignnone size-medium wp-image-1340\" src=\"https:\/\/maqla.es\/web\/wp-content\/uploads\/2014\/06\/13-300x198.jpg\" alt=\"13\" width=\"300\" height=\"198\" \/><\/a><a href=\"https:\/\/maqla.es\/web\/wp-content\/uploads\/2014\/06\/101-e1402258525659.jpg\"><img loading=\"lazy\" decoding=\"async\" class=\"alignnone size-medium wp-image-1389\" src=\"https:\/\/maqla.es\/web\/wp-content\/uploads\/2014\/06\/101-300x198.jpg\" alt=\"10\" width=\"300\" height=\"198\" \/><\/a><a href=\"https:\/\/maqla.es\/web\/wp-content\/uploads\/2014\/06\/17-e1402245540570.jpg\"><img loading=\"lazy\" decoding=\"async\" class=\"alignnone size-medium wp-image-1348\" src=\"https:\/\/maqla.es\/web\/wp-content\/uploads\/2014\/06\/17-300x198.jpg\" alt=\"17\" width=\"300\" height=\"198\" \/><\/a><a href=\"https:\/\/maqla.es\/web\/wp-content\/uploads\/2014\/06\/12-e1402245239546.jpg\"><img loading=\"lazy\" decoding=\"async\" class=\"alignnone size-medium wp-image-1338\" src=\"https:\/\/maqla.es\/web\/wp-content\/uploads\/2014\/06\/12-300x198.jpg\" alt=\"12\" width=\"300\" height=\"198\" \/><\/a><a href=\"https:\/\/maqla.es\/web\/wp-content\/uploads\/2014\/06\/06-e1402244959466.jpg\"><img loading=\"lazy\" decoding=\"async\" class=\"alignnone size-medium wp-image-1325\" src=\"https:\/\/maqla.es\/web\/wp-content\/uploads\/2014\/06\/06-300x222.jpg\" alt=\"06\" width=\"300\" height=\"222\" \/><\/a> <a href=\"https:\/\/maqla.es\/web\/wp-content\/uploads\/2014\/06\/08-e1402245087145.jpg\"><img loading=\"lazy\" decoding=\"async\" class=\"alignnone size-medium wp-image-1330\" src=\"https:\/\/maqla.es\/web\/wp-content\/uploads\/2014\/06\/08-300x225.jpg\" alt=\"08\" width=\"300\" height=\"225\" \/><\/a> <a href=\"https:\/\/maqla.es\/web\/wp-content\/uploads\/2014\/06\/22-e1402246526290.jpg\"><img loading=\"lazy\" decoding=\"async\" class=\"alignnone size-medium wp-image-1358\" src=\"https:\/\/maqla.es\/web\/wp-content\/uploads\/2014\/06\/22-300x225.jpg\" alt=\"22\" width=\"300\" height=\"225\" \/><\/a>\u00a0<a href=\"https:\/\/maqla.es\/web\/wp-content\/uploads\/2014\/07\/AG-01-e1404283651888.jpg\"><img loading=\"lazy\" decoding=\"async\" class=\"alignnone size-medium wp-image-1483\" src=\"https:\/\/maqla.es\/web\/wp-content\/uploads\/2014\/07\/AG-01-300x224.jpg\" alt=\"AG-01\" width=\"300\" height=\"224\" \/><\/a>\u00a0<a href=\"https:\/\/maqla.es\/web\/wp-content\/uploads\/2014\/07\/AG-03-e1404283585688.jpg\"><img loading=\"lazy\" decoding=\"async\" class=\"alignnone size-medium wp-image-1487\" src=\"https:\/\/maqla.es\/web\/wp-content\/uploads\/2014\/07\/AG-03-300x225.jpg\" alt=\"AG-03\" width=\"300\" height=\"225\" \/><\/a>\u00a0<a href=\"https:\/\/maqla.es\/web\/wp-content\/uploads\/2014\/07\/AG-04-e1404283556129.jpg\"><img loading=\"lazy\" decoding=\"async\" class=\"alignnone size-medium wp-image-1489\" src=\"https:\/\/maqla.es\/web\/wp-content\/uploads\/2014\/07\/AG-04-300x225.jpg\" alt=\"AG-04\" width=\"300\" height=\"225\" \/><\/a><\/p>\n<p style=\"text-align: justify;\">El Estudio MAQLA-adiu, de Castell\u00f3n (Espa\u00f1a), estuvo\u00a0presente en el Pabell\u00f3n Central, Exposici\u00f3n \u00abFundamentals-facades\u00bb\u00a0de la 14 BIENAL DE ARQUITECTURA DE VENECIA con la fachada \u201cECO-LIFEWALLS\u201d, dise\u00f1ada por el arquitecto EMILIO LLOBAT. Desde el 7 de junio hasta el 23 de noviembre de 2014. Esta Exhibici\u00f3n present\u00f3 12 tipos de fachada que han influido de manera muy importante en la arquitectura de los \u00faltimos 100 a\u00f1os. ECO-LIFEWALLS es una de ellas. Gracias a la invitaci\u00f3n recibida desde OMA-Rem Koolhas, Alejandro Zaera-Polo y la Universidad de Princeton (Jeffrey Anderson) mostramos una maqueta a escala real 1:1 (2&#215;3 metros), quedando patente el reconocimiento hacia la calidad de este sistema a nivel internacional, tanto t\u00e9cnico como est\u00e9tico. El sistema ha sido estudiado y desarrollado conjuntamente con la empresa Air-Garden, que tambi\u00e9n ha suministrado los medios materiales y humanos para exponer en la Bienal. Ambas firmas continuamos la investigaci\u00f3n y evoluci\u00f3n de \u00e9ste y otros sistemas similares.\u00a0La empresa Iris-Gruppo Fiandre, facilit\u00f3, para esta Exposici\u00f3n, los azulejos ecol\u00f3gicos.<\/p>\n<p><a href=\"https:\/\/maqla.es\/web\/?portfolio=eco-lifewalls-biennale-venecia-2014\">https:\/\/maqla.es\/web\/?portfolio=eco-lifewalls-biennale-venecia-2014<\/a><\/p>\n<p>&nbsp;<\/p>\n<p><a href=\"https:\/\/maqla.es\/web\/wp-content\/uploads\/2015\/06\/01.jpg\"><img loading=\"lazy\" decoding=\"async\" class=\"alignnone size-medium wp-image-1598\" src=\"https:\/\/maqla.es\/web\/wp-content\/uploads\/2015\/06\/01-300x152.jpg\" alt=\"01\" width=\"300\" height=\"152\" srcset=\"https:\/\/maqla.es\/web\/wp-content\/uploads\/2015\/06\/01-300x152.jpg 300w, https:\/\/maqla.es\/web\/wp-content\/uploads\/2015\/06\/01-1024x519.jpg 1024w, https:\/\/maqla.es\/web\/wp-content\/uploads\/2015\/06\/01-400x202.jpg 400w, https:\/\/maqla.es\/web\/wp-content\/uploads\/2015\/06\/01.jpg 1705w\" sizes=\"auto, (max-width: 300px) 100vw, 300px\" \/><\/a><a href=\"https:\/\/maqla.es\/web\/wp-content\/uploads\/2015\/06\/02.jpg\"><img loading=\"lazy\" decoding=\"async\" class=\"alignnone size-medium wp-image-1600\" src=\"https:\/\/maqla.es\/web\/wp-content\/uploads\/2015\/06\/02-260x300.jpg\" alt=\"02\" width=\"260\" height=\"300\" srcset=\"https:\/\/maqla.es\/web\/wp-content\/uploads\/2015\/06\/02-260x300.jpg 260w, https:\/\/maqla.es\/web\/wp-content\/uploads\/2015\/06\/02-889x1024.jpg 889w, https:\/\/maqla.es\/web\/wp-content\/uploads\/2015\/06\/02-224x258.jpg 224w, https:\/\/maqla.es\/web\/wp-content\/uploads\/2015\/06\/02.jpg 1909w\" sizes=\"auto, (max-width: 260px) 100vw, 260px\" \/><\/a><\/p>\n<p style=\"text-align: justify;\">En 2015, la maqueta-muestra, a escala 1:1, del sistema desarrollado por MAQLA+AIR-GARDEN de pared vegetal combinada con placas r\u00edgidas, ECO-LIFEWALLS,\u00a0se\u00a0traslada a COREA DEL SUR, a\u00f1adiendo algunas mejoras:\u00a0las plantas y las placas est\u00e1n en el mismo plano, utilizando la misma estructura, situando las instalaciones a trav\u00e9s de este espacio ventilado. Tambi\u00e9n\u00a0se realizaron pruebas y colocado material Krion, de Porcelanosa. El COMPLEJO CULTURAL ASI\u00c1TICO (ACC), en GWANGJU,\u00a0posee una Exposici\u00f3n Permanente de Fachadas, con aquellos ejemplos que han influido de manera importante en el campo de la arquitectura. ECO-LIFEWALLS forma parte de este COLECCI\u00d3N PERMANENTE. El Complejo ACC, situado en el lugar del alzamiento democr\u00e1tico coreano del 18 de mayo (1980), es uno de los proyectos culturales m\u00e1s grandes de Asia. Est\u00e1 dise\u00f1ado por el arquitecto Woo Kyu-Sung que gan\u00f3 el concurso internacional abierto. El Museo ACC abri\u00f3 sus puertas\u00a0a finales de\u00a02015, para ser un lugar de equilibrio entre culturas oriental y occidental, promoviendo la apertura y la comunicaci\u00f3n, mejorando la diversidad cultural y la competitividad nacional, armonizando las culturas asi\u00e1ticas con esp\u00edritu com\u00fan de democracia, derechos humanos y paz. El Instituto estima que, aproximadamente, 1\u201967 millones de personas visitan el centro cultural anualmente.<\/p>\n<p><a href=\"https:\/\/maqla.es\/web\/wp-content\/uploads\/2015\/10\/previa-01-e1444673575343.jpg\"><img loading=\"lazy\" decoding=\"async\" class=\"alignnone wp-image-7900\" src=\"https:\/\/maqla.es\/web\/wp-content\/uploads\/2015\/10\/previa-01-300x198.jpg\" alt=\"previa-01\" width=\"412\" height=\"272\" \/><\/a>\u00a0\u00a0<a href=\"https:\/\/maqla.es\/web\/wp-content\/uploads\/2016\/05\/k01-e1464555065170.jpg\"><img loading=\"lazy\" decoding=\"async\" class=\"alignnone wp-image-8059\" src=\"https:\/\/maqla.es\/web\/wp-content\/uploads\/2016\/05\/k01-300x225.jpg\" alt=\"\" width=\"363\" height=\"272\" \/><\/a>\u00a0\u00a0<a href=\"https:\/\/maqla.es\/web\/wp-content\/uploads\/2016\/05\/k04-e1464555268207.jpg\"><img loading=\"lazy\" decoding=\"async\" class=\"alignnone wp-image-8065\" src=\"https:\/\/maqla.es\/web\/wp-content\/uploads\/2016\/05\/k04-300x200.jpg\" alt=\"\" width=\"405\" height=\"270\" \/>\u00a0<\/a><a href=\"https:\/\/maqla.es\/web\/wp-content\/uploads\/2016\/05\/k02-e1464555312756.jpg\"><img loading=\"lazy\" decoding=\"async\" class=\"alignnone wp-image-8061\" src=\"https:\/\/maqla.es\/web\/wp-content\/uploads\/2016\/05\/k02-300x225.jpg\" alt=\"\" width=\"411\" height=\"308\" \/><\/a><\/p>\n<p><a href=\"https:\/\/maqla.es\/web\/?portfolio=eco-lifewalls-asian-culture-complex-gwanju-corea\">https:\/\/maqla.es\/web\/?portfolio=eco-lifewalls-asian-culture-complex-gwanju-corea<\/a><\/p>\n<p>&nbsp;<\/p>\n<p style=\"text-align: justify;\">Del 5 de octubre de 2018 al 19 de enero de 2019:\u00a0 MAQLA+AIR-GARDEN ECO-LIFEWALLS con un panel y video han sido seleccionados para una exposici\u00f3n en \u00abThe Sheldon Art Galleries (Bernoudy Gallery of Architecture), Sant Louis, Missouri, (USA)\u00bb. EL tema de la Exposici\u00f3n es \u00abInternational Vertical Gardens\u00bb y compartimos espacio de exhibici\u00f3n con otros proyectos y sistemas de reconocidos profesionales como Jean Nouvel, Patrick Blanc, Bitecture, Kengo Kuma, Stefano Boeri Architetti, Stanley Hart White y otros.<\/p>\n<p><a href=\"https:\/\/maqla.es\/web\/wp-content\/uploads\/2018\/10\/00-1.jpg\"><img loading=\"lazy\" decoding=\"async\" class=\"alignnone size-medium wp-image-8470\" src=\"https:\/\/maqla.es\/web\/wp-content\/uploads\/2018\/10\/00-1-231x300.jpg\" alt=\"\" width=\"231\" height=\"300\" srcset=\"https:\/\/maqla.es\/web\/wp-content\/uploads\/2018\/10\/00-1-231x300.jpg 231w, https:\/\/maqla.es\/web\/wp-content\/uploads\/2018\/10\/00-1-768x995.jpg 768w, https:\/\/maqla.es\/web\/wp-content\/uploads\/2018\/10\/00-1-790x1024.jpg 790w, https:\/\/maqla.es\/web\/wp-content\/uploads\/2018\/10\/00-1-199x258.jpg 199w\" sizes=\"auto, (max-width: 231px) 100vw, 231px\" \/><\/a><a href=\"https:\/\/maqla.es\/web\/wp-content\/uploads\/2018\/10\/01-4.jpg\"><img loading=\"lazy\" decoding=\"async\" class=\"alignnone size-medium wp-image-8472\" src=\"https:\/\/maqla.es\/web\/wp-content\/uploads\/2018\/10\/01-4-300x225.jpg\" alt=\"\" width=\"300\" height=\"225\" srcset=\"https:\/\/maqla.es\/web\/wp-content\/uploads\/2018\/10\/01-4-300x225.jpg 300w, https:\/\/maqla.es\/web\/wp-content\/uploads\/2018\/10\/01-4-768x576.jpg 768w, https:\/\/maqla.es\/web\/wp-content\/uploads\/2018\/10\/01-4-1024x768.jpg 1024w, https:\/\/maqla.es\/web\/wp-content\/uploads\/2018\/10\/01-4-370x278.jpg 370w, https:\/\/maqla.es\/web\/wp-content\/uploads\/2018\/10\/01-4-344x258.jpg 344w\" sizes=\"auto, (max-width: 300px) 100vw, 300px\" \/><\/a><a href=\"https:\/\/maqla.es\/web\/wp-content\/uploads\/2018\/10\/02-3.jpg\"><img loading=\"lazy\" decoding=\"async\" class=\"alignnone size-medium wp-image-8474\" src=\"https:\/\/maqla.es\/web\/wp-content\/uploads\/2018\/10\/02-3-300x225.jpg\" alt=\"\" width=\"300\" height=\"225\" srcset=\"https:\/\/maqla.es\/web\/wp-content\/uploads\/2018\/10\/02-3-300x225.jpg 300w, https:\/\/maqla.es\/web\/wp-content\/uploads\/2018\/10\/02-3-768x576.jpg 768w, https:\/\/maqla.es\/web\/wp-content\/uploads\/2018\/10\/02-3-1024x768.jpg 1024w, https:\/\/maqla.es\/web\/wp-content\/uploads\/2018\/10\/02-3-370x278.jpg 370w, https:\/\/maqla.es\/web\/wp-content\/uploads\/2018\/10\/02-3-344x258.jpg 344w, https:\/\/maqla.es\/web\/wp-content\/uploads\/2018\/10\/02-3.jpg 2016w\" sizes=\"auto, (max-width: 300px) 100vw, 300px\" \/><\/a><a href=\"https:\/\/maqla.es\/web\/wp-content\/uploads\/2018\/10\/03-3.jpg\"><img loading=\"lazy\" decoding=\"async\" class=\"alignnone size-medium wp-image-8476\" src=\"https:\/\/maqla.es\/web\/wp-content\/uploads\/2018\/10\/03-3-300x225.jpg\" alt=\"\" width=\"300\" height=\"225\" srcset=\"https:\/\/maqla.es\/web\/wp-content\/uploads\/2018\/10\/03-3-300x225.jpg 300w, https:\/\/maqla.es\/web\/wp-content\/uploads\/2018\/10\/03-3-768x576.jpg 768w, https:\/\/maqla.es\/web\/wp-content\/uploads\/2018\/10\/03-3-1024x768.jpg 1024w, https:\/\/maqla.es\/web\/wp-content\/uploads\/2018\/10\/03-3-370x278.jpg 370w, https:\/\/maqla.es\/web\/wp-content\/uploads\/2018\/10\/03-3-344x258.jpg 344w, https:\/\/maqla.es\/web\/wp-content\/uploads\/2018\/10\/03-3.jpg 2016w\" sizes=\"auto, (max-width: 300px) 100vw, 300px\" \/><\/a><a href=\"https:\/\/maqla.es\/web\/wp-content\/uploads\/2018\/10\/06-3.jpg\"><img loading=\"lazy\" decoding=\"async\" class=\"alignnone size-medium wp-image-8482\" src=\"https:\/\/maqla.es\/web\/wp-content\/uploads\/2018\/10\/06-3-300x225.jpg\" alt=\"\" width=\"300\" height=\"225\" srcset=\"https:\/\/maqla.es\/web\/wp-content\/uploads\/2018\/10\/06-3-300x225.jpg 300w, https:\/\/maqla.es\/web\/wp-content\/uploads\/2018\/10\/06-3-768x576.jpg 768w, https:\/\/maqla.es\/web\/wp-content\/uploads\/2018\/10\/06-3-1024x768.jpg 1024w, https:\/\/maqla.es\/web\/wp-content\/uploads\/2018\/10\/06-3-370x278.jpg 370w, https:\/\/maqla.es\/web\/wp-content\/uploads\/2018\/10\/06-3-344x258.jpg 344w\" sizes=\"auto, (max-width: 300px) 100vw, 300px\" \/><\/a><a href=\"https:\/\/maqla.es\/web\/wp-content\/uploads\/2018\/10\/05-4.jpg\"><img loading=\"lazy\" decoding=\"async\" class=\"alignnone size-medium wp-image-8498\" src=\"https:\/\/maqla.es\/web\/wp-content\/uploads\/2018\/10\/05-4-300x225.jpg\" alt=\"\" width=\"300\" height=\"225\" srcset=\"https:\/\/maqla.es\/web\/wp-content\/uploads\/2018\/10\/05-4-300x225.jpg 300w, https:\/\/maqla.es\/web\/wp-content\/uploads\/2018\/10\/05-4-768x576.jpg 768w, https:\/\/maqla.es\/web\/wp-content\/uploads\/2018\/10\/05-4-1024x768.jpg 1024w, https:\/\/maqla.es\/web\/wp-content\/uploads\/2018\/10\/05-4-370x278.jpg 370w, https:\/\/maqla.es\/web\/wp-content\/uploads\/2018\/10\/05-4-344x258.jpg 344w\" sizes=\"auto, (max-width: 300px) 100vw, 300px\" \/><\/a><\/p>\n<p><a href=\"https:\/\/maqla.es\/web\/?portfolio=eco-lifewalls-the-sheldon-art-galleries-sant-louis-usa\">https:\/\/maqla.es\/web\/?portfolio=eco-lifewalls-the-sheldon-art-galleries-sant-louis-usa<\/a><\/p>\n<p>&nbsp;<\/p>\n<p>Eco-Lifewalls: paredes vegetales con paneles de bamb\u00fa y Krion, por MAQLA+AIR-GARDEN:<\/p>\n<p><a href=\"https:\/\/maqla.es\/web\/wp-content\/uploads\/2014\/05\/150608-03logo.jpg\"><img loading=\"lazy\" decoding=\"async\" class=\"alignnone wp-image-1585\" src=\"https:\/\/maqla.es\/web\/wp-content\/uploads\/2014\/05\/150608-03logo-300x225.jpg\" alt=\"150608-03logo\" width=\"399\" height=\"299\" srcset=\"https:\/\/maqla.es\/web\/wp-content\/uploads\/2014\/05\/150608-03logo-300x225.jpg 300w, https:\/\/maqla.es\/web\/wp-content\/uploads\/2014\/05\/150608-03logo-1024x768.jpg 1024w, https:\/\/maqla.es\/web\/wp-content\/uploads\/2014\/05\/150608-03logo-370x278.jpg 370w, https:\/\/maqla.es\/web\/wp-content\/uploads\/2014\/05\/150608-03logo-344x258.jpg 344w, https:\/\/maqla.es\/web\/wp-content\/uploads\/2014\/05\/150608-03logo.jpg 1280w\" sizes=\"auto, (max-width: 399px) 100vw, 399px\" \/><\/a> <a href=\"https:\/\/maqla.es\/web\/wp-content\/uploads\/2014\/05\/150608-04logo.jpg\"><img loading=\"lazy\" decoding=\"async\" class=\"alignnone size-medium wp-image-1587\" src=\"https:\/\/maqla.es\/web\/wp-content\/uploads\/2014\/05\/150608-04logo-225x300.jpg\" alt=\"150608-04logo\" width=\"225\" height=\"300\" srcset=\"https:\/\/maqla.es\/web\/wp-content\/uploads\/2014\/05\/150608-04logo-225x300.jpg 225w, https:\/\/maqla.es\/web\/wp-content\/uploads\/2014\/05\/150608-04logo-768x1024.jpg 768w, https:\/\/maqla.es\/web\/wp-content\/uploads\/2014\/05\/150608-04logo-193x258.jpg 193w, https:\/\/maqla.es\/web\/wp-content\/uploads\/2014\/05\/150608-04logo.jpg 960w\" sizes=\"auto, (max-width: 225px) 100vw, 225px\" \/><\/a> \u00a0 \u00a0<img loading=\"lazy\" decoding=\"async\" class=\"alignnone size-medium wp-image-1583\" src=\"https:\/\/maqla.es\/web\/wp-content\/uploads\/2014\/05\/150608-01logo-225x300.jpg\" alt=\"150608-01logo\" width=\"225\" height=\"300\" srcset=\"https:\/\/maqla.es\/web\/wp-content\/uploads\/2014\/05\/150608-01logo-225x300.jpg 225w, https:\/\/maqla.es\/web\/wp-content\/uploads\/2014\/05\/150608-01logo-768x1024.jpg 768w, https:\/\/maqla.es\/web\/wp-content\/uploads\/2014\/05\/150608-01logo-193x258.jpg 193w, https:\/\/maqla.es\/web\/wp-content\/uploads\/2014\/05\/150608-01logo.jpg 960w\" sizes=\"auto, (max-width: 225px) 100vw, 225px\" \/><\/p>\n<p><strong>Buscanos en Facebook como \u00abMaqla Eco-Lifewalls\u00bb y solicita nuestra amistad para ver fotos y noticias peri\u00f3dicas.<\/strong><\/p>\n<table>\n<tbody>\n<tr>\n<td height=\"80\"><\/td>\n<\/tr>\n<\/tbody>\n<\/table>\n","protected":false},"excerpt":{"rendered":"<p>MAQLA &#8211; adiu es una firma multidisciplinar que trabaja en todos los \u00e1mbitos de la arquitectura, dise\u00f1o, ingenier\u00eda y urbanismo. Tenemos una amplia experiencia en arquitectura sostenible, construcci\u00f3n de bajo coste, viviendas unifamiliares y plurifamiliares, edificios p\u00fablicos y proyectos de restauraci\u00f3n. En 2009, el arquitecto de Maqla, Emilio Llobat, dise\u00f1\u00f3 un sistema modular que combina las baldosas fotocatal\u00edticas con paneles vegetales. Dado que es un sistema modular permite mucha versatilidad en la situaci\u00f3n y combinaci\u00f3n de placas y paneles, pudiendo variar incluso en el tiempo al ser la base portante v\u00e1lida. Este sistema se puede implementar en nuevos edificios o en proyectos de rehabilitaci\u00f3n. Estos jardines verticales con piezas de [&hellip;]<\/p>\n","protected":false},"author":2,"featured_media":0,"parent":0,"menu_order":0,"comment_status":"open","ping_status":"closed","template":"","meta":{"footnotes":""},"class_list":["post-144","page","type-page","status-publish","hentry"],"_links":{"self":[{"href":"https:\/\/maqla.es\/web\/wp-json\/wp\/v2\/pages\/144","targetHints":{"allow":["GET"]}}],"collection":[{"href":"https:\/\/maqla.es\/web\/wp-json\/wp\/v2\/pages"}],"about":[{"href":"https:\/\/maqla.es\/web\/wp-json\/wp\/v2\/types\/page"}],"author":[{"embeddable":true,"href":"https:\/\/maqla.es\/web\/wp-json\/wp\/v2\/users\/2"}],"replies":[{"embeddable":true,"href":"https:\/\/maqla.es\/web\/wp-json\/wp\/v2\/comments?post=144"}],"version-history":[{"count":50,"href":"https:\/\/maqla.es\/web\/wp-json\/wp\/v2\/pages\/144\/revisions"}],"predecessor-version":[{"id":8553,"href":"https:\/\/maqla.es\/web\/wp-json\/wp\/v2\/pages\/144\/revisions\/8553"}],"wp:attachment":[{"href":"https:\/\/maqla.es\/web\/wp-json\/wp\/v2\/media?parent=144"}],"curies":[{"name":"wp","href":"https:\/\/api.w.org\/{rel}","templated":true}]}}